{"id":2,"date":"2023-11-06T08:43:23","date_gmt":"2023-11-06T07:43:23","guid":{"rendered":"http:\/\/www.abeilles67.fr\/?page_id=2"},"modified":"2023-11-06T08:50:10","modified_gmt":"2023-11-06T07:50:10","slug":"page-d-exemple","status":"publish","type":"page","link":"https:\/\/www.abeilles67.fr\/index.php\/page-d-exemple\/","title":{"rendered":"Accueil"},"content":{"rendered":"\n<p class=\"wp-block-paragraph\">L&rsquo;association \u00ab\u00a0Le Rucher-\u00e9cole de Schweighouse-sur-Moder\u00a0\u00bb a \u00e9t\u00e9 cr\u00e9\u00e9e en 2023<\/p>\n","protected":false},"excerpt":{"rendered":"<p>L&rsquo;association \u00ab\u00a0Le Rucher-\u00e9cole de Schweighouse-sur-Moder\u00a0\u00bb a \u00e9t\u00e9 cr\u00e9\u00e9e en 2023<\/p>\n","protected":false},"author":1,"featured_media":0,"parent":0,"menu_order":0,"comment_status":"closed","ping_status":"open","template":"","meta":{"_crdt_document":"","footnotes":""},"class_list":["post-2","page","type-page","status-publish","hentry"],"_links":{"self":[{"href":"https:\/\/www.abeilles67.fr\/index.php\/wp-json\/wp\/v2\/pages\/2","targetHints":{"allow":["GET"]}}],"collection":[{"href":"https:\/\/www.abeilles67.fr\/index.php\/wp-json\/wp\/v2\/pages"}],"about":[{"href":"https:\/\/www.abeilles67.fr\/index.php\/wp-json\/wp\/v2\/types\/page"}],"author":[{"embeddable":true,"href":"https:\/\/www.abeilles67.fr\/index.php\/wp-json\/wp\/v2\/users\/1"}],"replies":[{"embeddable":true,"href":"https:\/\/www.abeilles67.fr\/index.php\/wp-json\/wp\/v2\/comments?post=2"}],"version-history":[{"count":2,"href":"https:\/\/www.abeilles67.fr\/index.php\/wp-json\/wp\/v2\/pages\/2\/revisions"}],"predecessor-version":[{"id":8,"href":"https:\/\/www.abeilles67.fr\/index.php\/wp-json\/wp\/v2\/pages\/2\/revisions\/8"}],"wp:attachment":[{"href":"https:\/\/www.abeilles67.fr\/index.php\/wp-json\/wp\/v2\/media?parent=2"}],"curies":[{"name":"wp","href":"https:\/\/api.w.org\/{rel}","templated":true}]}}